{"id":74,"date":"2019-08-22T16:15:55","date_gmt":"2019-08-22T14:15:55","guid":{"rendered":"http:\/\/schule-dietramszell.de\/?page_id=74"},"modified":"2021-09-23T09:38:20","modified_gmt":"2021-09-23T07:38:20","slug":"wir","status":"publish","type":"page","link":"https:\/\/schule-dietramszell.de\/?page_id=74","title":{"rendered":"Wir"},"content":{"rendered":"\n<p>Seit 01. August 2012 lautet der Name der Schule Grund- und Mittelschule.<br>Die 267 Sch\u00fclerinnen und Sch\u00fcler unserer Schule werden von 26 Lehrkr\u00e4ften unterrichtet. <\/p>\n\n\n\n<p>Der Schulsprengel der Grundschule umfasst das Gemeindegebiet Dietramszell. <\/p>\n\n\n\n<p>Die Sch\u00fclerinnen und Sch\u00fcler der Mittelschule kommen aus den Gemeinden Egling und Dietramszell. <\/p>\n\n\n\n<p>F\u00fcr weitere Informationen w\u00e4hlen Sie die Unterpunkte Schulleitung oder  Kollegium.<\/p>\n","protected":false},"excerpt":{"rendered":"<p>Seit 01. August 2012 lautet der Name der Schule Grund- und Mittelschule.Die 267 Sch\u00fclerinnen und Sch\u00fcler unserer Schule werden von 26 Lehrkr\u00e4ften unterrichtet. Der Schulsprengel der Grundschule umfasst das Gemeindegebiet Dietramszell. Die Sch\u00fclerinnen und Sch\u00fcler der Mittelschule kommen aus den Gemeinden Egling und Dietramszell. F\u00fcr weitere Informationen w\u00e4hlen Sie die Unterpunkte Schulleitung oder Kollegium.<\/p>\n","protected":false},"author":1,"featured_media":0,"parent":0,"menu_order":0,"comment_status":"closed","ping_status":"closed","template":"","meta":[],"_links":{"self":[{"href":"https:\/\/schule-dietramszell.de\/index.php?rest_route=\/wp\/v2\/pages\/74"}],"collection":[{"href":"https:\/\/schule-dietramszell.de\/index.php?rest_route=\/wp\/v2\/pages"}],"about":[{"href":"https:\/\/schule-dietramszell.de\/index.php?rest_route=\/wp\/v2\/types\/page"}],"author":[{"embeddable":true,"href":"https:\/\/schule-dietramszell.de\/index.php?rest_route=\/wp\/v2\/users\/1"}],"replies":[{"embeddable":true,"href":"https:\/\/schule-dietramszell.de\/index.php?rest_route=%2Fwp%2Fv2%2Fcomments&post=74"}],"version-history":[{"count":5,"href":"https:\/\/schule-dietramszell.de\/index.php?rest_route=\/wp\/v2\/pages\/74\/revisions"}],"predecessor-version":[{"id":1216,"href":"https:\/\/schule-dietramszell.de\/index.php?rest_route=\/wp\/v2\/pages\/74\/revisions\/1216"}],"wp:attachment":[{"href":"https:\/\/schule-dietramszell.de\/index.php?rest_route=%2Fwp%2Fv2%2Fmedia&parent=74"}],"curies":[{"name":"wp","href":"https:\/\/api.w.org\/{rel}","templated":true}]}}