{"id":690,"date":"2020-03-30T15:04:22","date_gmt":"2020-03-30T13:04:22","guid":{"rendered":"http:\/\/schule-dietramszell.de\/?page_id=690"},"modified":"2020-06-25T14:20:24","modified_gmt":"2020-06-25T12:20:24","slug":"schule-mal-anders","status":"publish","type":"page","link":"https:\/\/schule-dietramszell.de\/?page_id=690","title":{"rendered":"Schule mal anders"},"content":{"rendered":"\n<p><span style=\"color: #ff6600;\">Vielen Dank f\u00fcr die Bilder und den O-Ton aus den Wohnzimmern.<\/span><\/p>\n<p><span style=\"color: #ff6600;\"><img decoding=\"async\" loading=\"lazy\" class=\"alignnone size-medium wp-image-842\" src=\"http:\/\/schule-dietramszell.de\/wp-content\/uploads\/2020\/06\/image-25-06-20-12-27-225x300.jpeg\" alt=\"\" width=\"225\" height=\"300\" srcset=\"https:\/\/schule-dietramszell.de\/wp-content\/uploads\/2020\/06\/image-25-06-20-12-27-225x300.jpeg 225w, https:\/\/schule-dietramszell.de\/wp-content\/uploads\/2020\/06\/image-25-06-20-12-27-768x1024.jpeg 768w, https:\/\/schule-dietramszell.de\/wp-content\/uploads\/2020\/06\/image-25-06-20-12-27.jpeg 1200w\" sizes=\"(max-width: 225px) 100vw, 225px\" \/> <br \/><img decoding=\"async\" loading=\"lazy\" class=\"alignnone size-medium wp-image-819\" src=\"http:\/\/schule-dietramszell.de\/wp-content\/uploads\/2020\/05\/image-15-05-20-06-07-e1589979790208-225x300.jpeg\" alt=\"\" width=\"225\" height=\"300\" srcset=\"https:\/\/schule-dietramszell.de\/wp-content\/uploads\/2020\/05\/image-15-05-20-06-07-e1589979790208-225x300.jpeg 225w, https:\/\/schule-dietramszell.de\/wp-content\/uploads\/2020\/05\/image-15-05-20-06-07-e1589979790208.jpeg 480w\" sizes=\"(max-width: 225px) 100vw, 225px\" \/><br \/><\/span><\/p>\n<p><img decoding=\"async\" loading=\"lazy\" class=\"alignnone size-medium wp-image-794\" src=\"http:\/\/schule-dietramszell.de\/wp-content\/uploads\/2020\/05\/Domi-nach-Corona-e1588681320853-300x225.jpg\" alt=\"\" width=\"300\" height=\"225\" srcset=\"https:\/\/schule-dietramszell.de\/wp-content\/uploads\/2020\/05\/Domi-nach-Corona-e1588681320853-300x225.jpg 300w, https:\/\/schule-dietramszell.de\/wp-content\/uploads\/2020\/05\/Domi-nach-Corona-e1588681320853-768x576.jpg 768w, https:\/\/schule-dietramszell.de\/wp-content\/uploads\/2020\/05\/Domi-nach-Corona-e1588681320853-1024x768.jpg 1024w\" sizes=\"(max-width: 300px) 100vw, 300px\" \/> <img decoding=\"async\" loading=\"lazy\" class=\"alignnone size-medium wp-image-796\" src=\"http:\/\/schule-dietramszell.de\/wp-content\/uploads\/2020\/05\/IMG_20200430_143635-225x300.png\" alt=\"\" width=\"225\" height=\"300\" srcset=\"https:\/\/schule-dietramszell.de\/wp-content\/uploads\/2020\/05\/IMG_20200430_143635-225x300.png 225w, https:\/\/schule-dietramszell.de\/wp-content\/uploads\/2020\/05\/IMG_20200430_143635-768x1024.png 768w, https:\/\/schule-dietramszell.de\/wp-content\/uploads\/2020\/05\/IMG_20200430_143635.png 960w\" sizes=\"(max-width: 225px) 100vw, 225px\" \/>\u00a0 <img decoding=\"async\" loading=\"lazy\" class=\"alignnone  wp-image-793\" src=\"http:\/\/schule-dietramszell.de\/wp-content\/uploads\/2020\/05\/20200327_083541-300x300.jpg\" alt=\"\" width=\"294\" height=\"294\" srcset=\"https:\/\/schule-dietramszell.de\/wp-content\/uploads\/2020\/05\/20200327_083541-300x300.jpg 300w, https:\/\/schule-dietramszell.de\/wp-content\/uploads\/2020\/05\/20200327_083541-150x150.jpg 150w, https:\/\/schule-dietramszell.de\/wp-content\/uploads\/2020\/05\/20200327_083541-768x768.jpg 768w, https:\/\/schule-dietramszell.de\/wp-content\/uploads\/2020\/05\/20200327_083541-1024x1024.jpg 1024w\" sizes=\"(max-width: 294px) 100vw, 294px\" \/> <img decoding=\"async\" loading=\"lazy\" class=\"alignnone size-medium wp-image-791\" src=\"http:\/\/schule-dietramszell.de\/wp-content\/uploads\/2020\/05\/IMG_20200420_182802_1-300x225.jpg\" alt=\"\" width=\"300\" height=\"225\" srcset=\"https:\/\/schule-dietramszell.de\/wp-content\/uploads\/2020\/05\/IMG_20200420_182802_1-300x225.jpg 300w, https:\/\/schule-dietramszell.de\/wp-content\/uploads\/2020\/05\/IMG_20200420_182802_1-768x576.jpg 768w, https:\/\/schule-dietramszell.de\/wp-content\/uploads\/2020\/05\/IMG_20200420_182802_1-1024x768.jpg 1024w\" sizes=\"(max-width: 300px) 100vw, 300px\" \/> <img decoding=\"async\" loading=\"lazy\" class=\"alignnone size-medium wp-image-795\" src=\"http:\/\/schule-dietramszell.de\/wp-content\/uploads\/2020\/05\/IMG_20200422_194315_1-225x300.jpg\" alt=\"\" width=\"225\" height=\"300\" srcset=\"https:\/\/schule-dietramszell.de\/wp-content\/uploads\/2020\/05\/IMG_20200422_194315_1-225x300.jpg 225w, https:\/\/schule-dietramszell.de\/wp-content\/uploads\/2020\/05\/IMG_20200422_194315_1-768x1024.jpg 768w\" sizes=\"(max-width: 225px) 100vw, 225px\" \/><\/p>\n<p><img decoding=\"async\" loading=\"lazy\" class=\"alignnone size-medium wp-image-771\" src=\"http:\/\/schule-dietramszell.de\/wp-content\/uploads\/2020\/04\/20200408_095325-225x300.jpg\" alt=\"\" width=\"225\" height=\"300\" srcset=\"https:\/\/schule-dietramszell.de\/wp-content\/uploads\/2020\/04\/20200408_095325-225x300.jpg 225w, https:\/\/schule-dietramszell.de\/wp-content\/uploads\/2020\/04\/20200408_095325-768x1024.jpg 768w\" sizes=\"(max-width: 225px) 100vw, 225px\" \/>\u00a0 <img decoding=\"async\" loading=\"lazy\" class=\"alignnone  wp-image-774\" src=\"http:\/\/schule-dietramszell.de\/wp-content\/uploads\/2020\/04\/20200326_154046-300x169.jpg\" alt=\"\" width=\"376\" height=\"212\" srcset=\"https:\/\/schule-dietramszell.de\/wp-content\/uploads\/2020\/04\/20200326_154046-300x169.jpg 300w, https:\/\/schule-dietramszell.de\/wp-content\/uploads\/2020\/04\/20200326_154046-768x432.jpg 768w, https:\/\/schule-dietramszell.de\/wp-content\/uploads\/2020\/04\/20200326_154046-1024x576.jpg 1024w\" sizes=\"(max-width: 376px) 100vw, 376px\" \/><\/p>\n<p><img decoding=\"async\" loading=\"lazy\" class=\"alignnone size-medium wp-image-752\" src=\"http:\/\/schule-dietramszell.de\/wp-content\/uploads\/2020\/04\/20200401_200243-300x225.jpg\" alt=\"\" width=\"300\" height=\"225\" srcset=\"https:\/\/schule-dietramszell.de\/wp-content\/uploads\/2020\/04\/20200401_200243-300x225.jpg 300w, https:\/\/schule-dietramszell.de\/wp-content\/uploads\/2020\/04\/20200401_200243-768x576.jpg 768w, https:\/\/schule-dietramszell.de\/wp-content\/uploads\/2020\/04\/20200401_200243-1024x768.jpg 1024w, https:\/\/schule-dietramszell.de\/wp-content\/uploads\/2020\/04\/20200401_200243.jpg 1197w\" sizes=\"(max-width: 300px) 100vw, 300px\" \/> \u00a0 <img decoding=\"async\" loading=\"lazy\" class=\"alignnone size-medium wp-image-694\" src=\"http:\/\/schule-dietramszell.de\/wp-content\/uploads\/2020\/03\/20200318_151104-e1585573792777-225x300.jpg\" alt=\"\" width=\"225\" height=\"300\" srcset=\"https:\/\/schule-dietramszell.de\/wp-content\/uploads\/2020\/03\/20200318_151104-e1585573792777-225x300.jpg 225w, https:\/\/schule-dietramszell.de\/wp-content\/uploads\/2020\/03\/20200318_151104-e1585573792777-768x1024.jpg 768w, https:\/\/schule-dietramszell.de\/wp-content\/uploads\/2020\/03\/20200318_151104-e1585573792777.jpg 898w\" sizes=\"(max-width: 225px) 100vw, 225px\" \/>\u00a0<br \/>Es wird schon flei\u00dfig f\u00fcr die Abschlusspr\u00fcfung ge\u00fcbt.<br \/><br \/><img decoding=\"async\" loading=\"lazy\" class=\"alignnone size-medium wp-image-750\" src=\"http:\/\/schule-dietramszell.de\/wp-content\/uploads\/2020\/04\/20200331_082253-e1586175076721-225x300.jpg\" alt=\"\" width=\"225\" height=\"300\" srcset=\"https:\/\/schule-dietramszell.de\/wp-content\/uploads\/2020\/04\/20200331_082253-e1586175076721-225x300.jpg 225w, https:\/\/schule-dietramszell.de\/wp-content\/uploads\/2020\/04\/20200331_082253-e1586175076721-768x1024.jpg 768w\" sizes=\"(max-width: 225px) 100vw, 225px\" \/> <img decoding=\"async\" loading=\"lazy\" class=\"alignnone size-medium wp-image-747\" src=\"http:\/\/schule-dietramszell.de\/wp-content\/uploads\/2020\/04\/20200330_1459321-e1586175030844-225x300.jpg\" alt=\"\" width=\"225\" height=\"300\" srcset=\"https:\/\/schule-dietramszell.de\/wp-content\/uploads\/2020\/04\/20200330_1459321-e1586175030844-225x300.jpg 225w, https:\/\/schule-dietramszell.de\/wp-content\/uploads\/2020\/04\/20200330_1459321-e1586175030844-768x1024.jpg 768w\" sizes=\"(max-width: 225px) 100vw, 225px\" \/><\/p>\n<p>Ich hoffe allen geht es gut und wir d\u00fcrfen bald wieder in die Schule.<br \/>Ich freu mich wenn ich euch bald alle wiedersehe. Bleibt gesund!<\/p>\n<p>Die 6. Klasse hat eine freiwillige Osterei-Challenge gemacht &#8211; das sch\u00f6nste Ei m\u00f6ge gewinnen &#8211; die Sch\u00fcler m\u00fcssen heute noch abstimmen.<\/p>\n<p>Hier sind die Ergebnisse!<\/p>\n<p><img decoding=\"async\" loading=\"lazy\" class=\"alignnone size-medium wp-image-735\" src=\"http:\/\/schule-dietramszell.de\/wp-content\/uploads\/2020\/04\/Ergebnisse-225x300.jpg\" alt=\"\" width=\"225\" height=\"300\" srcset=\"https:\/\/schule-dietramszell.de\/wp-content\/uploads\/2020\/04\/Ergebnisse-225x300.jpg 225w, https:\/\/schule-dietramszell.de\/wp-content\/uploads\/2020\/04\/Ergebnisse-768x1024.jpg 768w\" sizes=\"(max-width: 225px) 100vw, 225px\" \/><\/p>\n<p>Haribo macht Michi froh und die Mama ebenso.<\/p>\n<p><img decoding=\"async\" loading=\"lazy\" class=\"alignnone size-medium wp-image-736\" src=\"http:\/\/schule-dietramszell.de\/wp-content\/uploads\/2020\/04\/IMG-20200326-WA0000-225x300.jpg\" alt=\"\" width=\"225\" height=\"300\" srcset=\"https:\/\/schule-dietramszell.de\/wp-content\/uploads\/2020\/04\/IMG-20200326-WA0000-225x300.jpg 225w, https:\/\/schule-dietramszell.de\/wp-content\/uploads\/2020\/04\/IMG-20200326-WA0000-768x1024.jpg 768w, https:\/\/schule-dietramszell.de\/wp-content\/uploads\/2020\/04\/IMG-20200326-WA0000.jpg 1200w\" sizes=\"(max-width: 225px) 100vw, 225px\" \/> <img decoding=\"async\" loading=\"lazy\" class=\"alignnone size-medium wp-image-737\" src=\"http:\/\/schule-dietramszell.de\/wp-content\/uploads\/2020\/04\/IMG-20200401-WA0000-225x300.jpg\" alt=\"\" width=\"225\" height=\"300\" srcset=\"https:\/\/schule-dietramszell.de\/wp-content\/uploads\/2020\/04\/IMG-20200401-WA0000-225x300.jpg 225w, https:\/\/schule-dietramszell.de\/wp-content\/uploads\/2020\/04\/IMG-20200401-WA0000-768x1024.jpg 768w, https:\/\/schule-dietramszell.de\/wp-content\/uploads\/2020\/04\/IMG-20200401-WA0000.jpg 1200w\" sizes=\"(max-width: 225px) 100vw, 225px\" \/><br \/><br \/><\/p>\n<p><img decoding=\"async\" loading=\"lazy\" class=\"alignnone wp-image-714 size-medium\" src=\"http:\/\/schule-dietramszell.de\/wp-content\/uploads\/2020\/04\/20200331_105508-e1585826493144-225x300.jpg\" alt=\"\" width=\"225\" height=\"300\" srcset=\"https:\/\/schule-dietramszell.de\/wp-content\/uploads\/2020\/04\/20200331_105508-e1585826493144-225x300.jpg 225w, https:\/\/schule-dietramszell.de\/wp-content\/uploads\/2020\/04\/20200331_105508-e1585826493144-768x1024.jpg 768w\" sizes=\"(max-width: 225px) 100vw, 225px\" \/>\u00a0Gr\u00fc\u00dfe aus dem Home-Office in Steingau \ud83d\ude42\u00a0\u00a0<\/p>\n<p><img decoding=\"async\" loading=\"lazy\" class=\"alignnone size-medium wp-image-713\" src=\"http:\/\/schule-dietramszell.de\/wp-content\/uploads\/2020\/04\/IMG-20200327-WA0003-225x300.jpg\" alt=\"\" width=\"225\" height=\"300\" srcset=\"https:\/\/schule-dietramszell.de\/wp-content\/uploads\/2020\/04\/IMG-20200327-WA0003-225x300.jpg 225w, https:\/\/schule-dietramszell.de\/wp-content\/uploads\/2020\/04\/IMG-20200327-WA0003.jpg 768w\" sizes=\"(max-width: 225px) 100vw, 225px\" \/> \u00a0\u00a0 Gr\u00fc\u00dfe aus dem Home-Office<\/p>\n<p><img decoding=\"async\" loading=\"lazy\" class=\"alignnone size-medium wp-image-712\" src=\"http:\/\/schule-dietramszell.de\/wp-content\/uploads\/2020\/04\/IMG-20200331-WA0018-300x225.jpg\" alt=\"\" width=\"300\" height=\"225\" srcset=\"https:\/\/schule-dietramszell.de\/wp-content\/uploads\/2020\/04\/IMG-20200331-WA0018-300x225.jpg 300w, https:\/\/schule-dietramszell.de\/wp-content\/uploads\/2020\/04\/IMG-20200331-WA0018-768x576.jpg 768w, https:\/\/schule-dietramszell.de\/wp-content\/uploads\/2020\/04\/IMG-20200331-WA0018-1024x768.jpg 1024w, https:\/\/schule-dietramszell.de\/wp-content\/uploads\/2020\/04\/IMG-20200331-WA0018.jpg 1600w\" sizes=\"(max-width: 300px) 100vw, 300px\" \/><\/p>\n<p>Verena beim Schreiben von ihrem Tagebuch. Sie vermisst den Schulalltag schon und ihre ganze Klasse und auch die Lehrer.<\/p>\n<p><img decoding=\"async\" loading=\"lazy\" class=\"alignnone size-medium wp-image-711\" src=\"http:\/\/schule-dietramszell.de\/wp-content\/uploads\/2020\/04\/IMG-20200325-WA0008-300x225.jpg\" alt=\"\" width=\"300\" height=\"225\" srcset=\"https:\/\/schule-dietramszell.de\/wp-content\/uploads\/2020\/04\/IMG-20200325-WA0008-300x225.jpg 300w, https:\/\/schule-dietramszell.de\/wp-content\/uploads\/2020\/04\/IMG-20200325-WA0008-768x576.jpg 768w, https:\/\/schule-dietramszell.de\/wp-content\/uploads\/2020\/04\/IMG-20200325-WA0008-1024x768.jpg 1024w, https:\/\/schule-dietramszell.de\/wp-content\/uploads\/2020\/04\/IMG-20200325-WA0008.jpg 1600w\" sizes=\"(max-width: 300px) 100vw, 300px\" \/>\u00a0 Bastelaktion auch im Home-Office. Gr\u00fc\u00dfe von Lisa und Helena<\/p>\n<p>\u00a0<img decoding=\"async\" loading=\"lazy\" class=\"alignnone wp-image-710 size-medium\" src=\"http:\/\/schule-dietramszell.de\/wp-content\/uploads\/2020\/04\/image0-e1585826513896-225x300.jpeg\" alt=\"\" width=\"225\" height=\"300\" srcset=\"https:\/\/schule-dietramszell.de\/wp-content\/uploads\/2020\/04\/image0-e1585826513896-225x300.jpeg 225w, https:\/\/schule-dietramszell.de\/wp-content\/uploads\/2020\/04\/image0-e1585826513896-768x1024.jpeg 768w\" sizes=\"(max-width: 225px) 100vw, 225px\" \/> Liebe Gr\u00fc\u00dfe von Franziska&#8230; sie ist flei\u00dfig am Arbeiten..<br \/><img decoding=\"async\" loading=\"lazy\" class=\"alignnone size-medium wp-image-709\" src=\"http:\/\/schule-dietramszell.de\/wp-content\/uploads\/2020\/04\/image-30-03-20-07-12-228x300.jpeg\" alt=\"\" width=\"228\" height=\"300\" srcset=\"https:\/\/schule-dietramszell.de\/wp-content\/uploads\/2020\/04\/image-30-03-20-07-12-228x300.jpeg 228w, https:\/\/schule-dietramszell.de\/wp-content\/uploads\/2020\/04\/image-30-03-20-07-12.jpeg 731w\" sizes=\"(max-width: 228px) 100vw, 228px\" \/> <img decoding=\"async\" loading=\"lazy\" class=\"alignnone size-medium wp-image-708\" src=\"http:\/\/schule-dietramszell.de\/wp-content\/uploads\/2020\/04\/image-30-03-20-07-07-168x300.jpeg\" alt=\"\" width=\"168\" height=\"300\" srcset=\"https:\/\/schule-dietramszell.de\/wp-content\/uploads\/2020\/04\/image-30-03-20-07-07-168x300.jpeg 168w, https:\/\/schule-dietramszell.de\/wp-content\/uploads\/2020\/04\/image-30-03-20-07-07.jpeg 537w\" sizes=\"(max-width: 168px) 100vw, 168px\" \/> <img decoding=\"async\" loading=\"lazy\" class=\"alignnone size-medium wp-image-705\" src=\"http:\/\/schule-dietramszell.de\/wp-content\/uploads\/2020\/03\/IMG-20200327-WA0017-225x300.jpg\" alt=\"\" width=\"225\" height=\"300\" srcset=\"https:\/\/schule-dietramszell.de\/wp-content\/uploads\/2020\/03\/IMG-20200327-WA0017-225x300.jpg 225w, https:\/\/schule-dietramszell.de\/wp-content\/uploads\/2020\/03\/IMG-20200327-WA0017-768x1024.jpg 768w, https:\/\/schule-dietramszell.de\/wp-content\/uploads\/2020\/03\/IMG-20200327-WA0017.jpg 1200w\" sizes=\"(max-width: 225px) 100vw, 225px\" \/><br \/>&#8222;Wir haben keine Ferien, die Schule geht zu Hause weiter.&#8220;<\/p>\n<p>\u00a0<\/p>\n<p><img decoding=\"async\" loading=\"lazy\" class=\"alignnone size-medium wp-image-717\" src=\"http:\/\/schule-dietramszell.de\/wp-content\/uploads\/2020\/04\/IMG-20200331-WA0022-225x300.jpg\" alt=\"\" width=\"225\" height=\"300\" srcset=\"https:\/\/schule-dietramszell.de\/wp-content\/uploads\/2020\/04\/IMG-20200331-WA0022-225x300.jpg 225w, https:\/\/schule-dietramszell.de\/wp-content\/uploads\/2020\/04\/IMG-20200331-WA0022-768x1024.jpg 768w, https:\/\/schule-dietramszell.de\/wp-content\/uploads\/2020\/04\/IMG-20200331-WA0022.jpg 1200w\" sizes=\"(max-width: 225px) 100vw, 225px\" \/> <img decoding=\"async\" loading=\"lazy\" class=\"alignnone size-medium wp-image-716\" src=\"http:\/\/schule-dietramszell.de\/wp-content\/uploads\/2020\/04\/IMG-20200331-WA0021-225x300.jpg\" alt=\"\" width=\"225\" height=\"300\" srcset=\"https:\/\/schule-dietramszell.de\/wp-content\/uploads\/2020\/04\/IMG-20200331-WA0021-225x300.jpg 225w, https:\/\/schule-dietramszell.de\/wp-content\/uploads\/2020\/04\/IMG-20200331-WA0021-768x1024.jpg 768w, https:\/\/schule-dietramszell.de\/wp-content\/uploads\/2020\/04\/IMG-20200331-WA0021.jpg 1200w\" sizes=\"(max-width: 225px) 100vw, 225px\" \/> <img decoding=\"async\" loading=\"lazy\" class=\"alignnone size-medium wp-image-715\" src=\"http:\/\/schule-dietramszell.de\/wp-content\/uploads\/2020\/04\/IMG_0011-e1585745617609-225x300.jpg\" alt=\"\" width=\"225\" height=\"300\" srcset=\"https:\/\/schule-dietramszell.de\/wp-content\/uploads\/2020\/04\/IMG_0011-e1585745617609-225x300.jpg 225w, https:\/\/schule-dietramszell.de\/wp-content\/uploads\/2020\/04\/IMG_0011-e1585745617609-768x1024.jpg 768w\" sizes=\"(max-width: 225px) 100vw, 225px\" \/><\/p>\n<p>Im Home-Office wird auch geknobelt und gemalt. Hier k\u00f6nnen auch Geschwister zusammenarbeiten. \ud83d\ude42 (Dominik und Tamara)<\/p>\n<p><img decoding=\"async\" loading=\"lazy\" class=\"alignnone size-medium wp-image-741\" src=\"http:\/\/schule-dietramszell.de\/wp-content\/uploads\/2020\/04\/image022-e1585829636577-225x300.jpeg\" alt=\"\" width=\"225\" height=\"300\" srcset=\"https:\/\/schule-dietramszell.de\/wp-content\/uploads\/2020\/04\/image022-e1585829636577-225x300.jpeg 225w, https:\/\/schule-dietramszell.de\/wp-content\/uploads\/2020\/04\/image022-e1585829636577.jpeg 480w\" sizes=\"(max-width: 225px) 100vw, 225px\" \/><\/p>\n<p>Die Inhalte bleiben \u00e4hnlich aber die Klassenkameraden haben sich ganz sch\u00f6n ver\u00e4ndert!<\/p>\n<p>Homeschooling w\u00e4r super, wenn man nichts f\u00fcr die Schule machen m\u00fcsste! (O-Ton Emil)<\/p>\n<p>Beide Kinder vermissen ihre Freunde und Lehrerinnen und freuen sich auf die Zeit nach Corona. <br \/>Einziger Vorteil vom Homeschooling ist, dass man ausschlafen kann (O-Ton Paul)<\/p>\n<p>F\u00fcr mich als Aushilfslehrerin der der ersten und vierten Klasse lief Woche Nummer zwei eindeutig besser als Woche eins! Bin aber trotzdem froh, wenn ich das Unterrichten wieder an die Profis abgeben kann&#8230;\u00a0<\/p>\n<p>\u00a0 <img decoding=\"async\" loading=\"lazy\" class=\"alignnone  wp-image-702\" src=\"http:\/\/schule-dietramszell.de\/wp-content\/uploads\/2020\/03\/IMG_1220-300x225.jpg\" alt=\"\" width=\"252\" height=\"189\" srcset=\"https:\/\/schule-dietramszell.de\/wp-content\/uploads\/2020\/03\/IMG_1220-300x225.jpg 300w, https:\/\/schule-dietramszell.de\/wp-content\/uploads\/2020\/03\/IMG_1220.jpg 640w\" sizes=\"(max-width: 252px) 100vw, 252px\" \/> \u00a0 <img decoding=\"async\" loading=\"lazy\" class=\"alignnone size-medium wp-image-696\" src=\"http:\/\/schule-dietramszell.de\/wp-content\/uploads\/2020\/03\/20200327_090617-e1585573745728-225x300.jpg\" alt=\"\" width=\"225\" height=\"300\" srcset=\"https:\/\/schule-dietramszell.de\/wp-content\/uploads\/2020\/03\/20200327_090617-e1585573745728-225x300.jpg 225w, https:\/\/schule-dietramszell.de\/wp-content\/uploads\/2020\/03\/20200327_090617-e1585573745728-768x1024.jpg 768w\" sizes=\"(max-width: 225px) 100vw, 225px\" \/>\u00a0 <img decoding=\"async\" loading=\"lazy\" class=\"alignnone size-medium wp-image-699\" src=\"http:\/\/schule-dietramszell.de\/wp-content\/uploads\/2020\/03\/Homeschooling_Emil_1B-300x200.jpg\" alt=\"\" width=\"300\" height=\"200\" srcset=\"https:\/\/schule-dietramszell.de\/wp-content\/uploads\/2020\/03\/Homeschooling_Emil_1B-300x200.jpg 300w, https:\/\/schule-dietramszell.de\/wp-content\/uploads\/2020\/03\/Homeschooling_Emil_1B-768x512.jpg 768w, https:\/\/schule-dietramszell.de\/wp-content\/uploads\/2020\/03\/Homeschooling_Emil_1B-1024x682.jpg 1024w, https:\/\/schule-dietramszell.de\/wp-content\/uploads\/2020\/03\/Homeschooling_Emil_1B.jpg 1181w\" sizes=\"(max-width: 300px) 100vw, 300px\" \/>\u00a0 <img decoding=\"async\" loading=\"lazy\" class=\"alignnone  wp-image-697\" src=\"http:\/\/schule-dietramszell.de\/wp-content\/uploads\/2020\/03\/20200329_164502-244x300.jpg\" alt=\"\" width=\"212\" height=\"261\" srcset=\"https:\/\/schule-dietramszell.de\/wp-content\/uploads\/2020\/03\/20200329_164502-244x300.jpg 244w, https:\/\/schule-dietramszell.de\/wp-content\/uploads\/2020\/03\/20200329_164502-768x944.jpg 768w, https:\/\/schule-dietramszell.de\/wp-content\/uploads\/2020\/03\/20200329_164502-833x1024.jpg 833w\" sizes=\"(max-width: 212px) 100vw, 212px\" \/>\u00a0 <img decoding=\"async\" loading=\"lazy\" class=\"alignnone size-medium wp-image-700\" src=\"http:\/\/schule-dietramszell.de\/wp-content\/uploads\/2020\/03\/Homeschooling_Paul_4A-300x200.jpg\" alt=\"\" width=\"300\" height=\"200\" srcset=\"https:\/\/schule-dietramszell.de\/wp-content\/uploads\/2020\/03\/Homeschooling_Paul_4A-300x200.jpg 300w, https:\/\/schule-dietramszell.de\/wp-content\/uploads\/2020\/03\/Homeschooling_Paul_4A-768x512.jpg 768w, https:\/\/schule-dietramszell.de\/wp-content\/uploads\/2020\/03\/Homeschooling_Paul_4A.jpg 886w\" sizes=\"(max-width: 300px) 100vw, 300px\" \/><\/p>\n<p>\u00a0 <img decoding=\"async\" loading=\"lazy\" class=\"alignnone size-medium wp-image-701\" src=\"http:\/\/schule-dietramszell.de\/wp-content\/uploads\/2020\/03\/image-300x225.jpg\" alt=\"\" width=\"300\" height=\"225\" srcset=\"https:\/\/schule-dietramszell.de\/wp-content\/uploads\/2020\/03\/image-300x225.jpg 300w, https:\/\/schule-dietramszell.de\/wp-content\/uploads\/2020\/03\/image-768x576.jpg 768w, https:\/\/schule-dietramszell.de\/wp-content\/uploads\/2020\/03\/image-1024x768.jpg 1024w\" sizes=\"(max-width: 300px) 100vw, 300px\" \/> \u00a0\u00a0\u00a0<\/p>\n<p>\u00a0<\/p>\n<p><img decoding=\"async\" loading=\"lazy\" class=\"size-medium wp-image-704\" src=\"http:\/\/schule-dietramszell.de\/wp-content\/uploads\/2020\/03\/IMG_20200328_101445-225x300.jpg\" alt=\"\" width=\"225\" height=\"300\" srcset=\"https:\/\/schule-dietramszell.de\/wp-content\/uploads\/2020\/03\/IMG_20200328_101445-225x300.jpg 225w, https:\/\/schule-dietramszell.de\/wp-content\/uploads\/2020\/03\/IMG_20200328_101445-768x1024.jpg 768w\" sizes=\"(max-width: 225px) 100vw, 225px\" \/> <img decoding=\"async\" loading=\"lazy\" class=\"size-medium wp-image-703\" src=\"http:\/\/schule-dietramszell.de\/wp-content\/uploads\/2020\/03\/IMG_20200328_101303-225x300.jpg\" alt=\"\" width=\"225\" height=\"300\" srcset=\"https:\/\/schule-dietramszell.de\/wp-content\/uploads\/2020\/03\/IMG_20200328_101303-225x300.jpg 225w, https:\/\/schule-dietramszell.de\/wp-content\/uploads\/2020\/03\/IMG_20200328_101303-768x1024.jpg 768w\" sizes=\"(max-width: 225px) 100vw, 225px\" \/><\/p>\n<p><br \/>\u00a0<\/p>\n<p>\u00a0<\/p>\n","protected":false},"excerpt":{"rendered":"<p>Vielen Dank f\u00fcr die Bilder und den O-Ton aus den Wohnzimmern. \u00a0 \u00a0 \u00a0 \u00a0Es wird schon flei\u00dfig f\u00fcr die Abschlusspr\u00fcfung ge\u00fcbt. Ich hoffe allen geht es gut und wir d\u00fcrfen bald wieder in die Schule.Ich freu mich wenn ich euch bald alle wiedersehe. Bleibt gesund! Die 6. Klasse hat eine freiwillige Osterei-Challenge gemacht &#8211; [&hellip;]<\/p>\n","protected":false},"author":2,"featured_media":0,"parent":0,"menu_order":0,"comment_status":"closed","ping_status":"closed","template":"","meta":[],"_links":{"self":[{"href":"https:\/\/schule-dietramszell.de\/index.php?rest_route=\/wp\/v2\/pages\/690"}],"collection":[{"href":"https:\/\/schule-dietramszell.de\/index.php?rest_route=\/wp\/v2\/pages"}],"about":[{"href":"https:\/\/schule-dietramszell.de\/index.php?rest_route=\/wp\/v2\/types\/page"}],"author":[{"embeddable":true,"href":"https:\/\/schule-dietramszell.de\/index.php?rest_route=\/wp\/v2\/users\/2"}],"replies":[{"embeddable":true,"href":"https:\/\/schule-dietramszell.de\/index.php?rest_route=%2Fwp%2Fv2%2Fcomments&post=690"}],"version-history":[{"count":23,"href":"https:\/\/schule-dietramszell.de\/index.php?rest_route=\/wp\/v2\/pages\/690\/revisions"}],"predecessor-version":[{"id":1160,"href":"https:\/\/schule-dietramszell.de\/index.php?rest_route=\/wp\/v2\/pages\/690\/revisions\/1160"}],"wp:attachment":[{"href":"https:\/\/schule-dietramszell.de\/index.php?rest_route=%2Fwp%2Fv2%2Fmedia&parent=690"}],"curies":[{"name":"wp","href":"https:\/\/api.w.org\/{rel}","templated":true}]}}