{"id":6,"date":"2019-08-14T10:47:11","date_gmt":"2019-08-14T10:47:11","guid":{"rendered":"http:\/\/schule-dietramszell.de\/?page_id=6"},"modified":"2019-08-22T16:58:23","modified_gmt":"2019-08-22T14:58:23","slug":"datenschutz","status":"publish","type":"page","link":"https:\/\/schule-dietramszell.de\/?page_id=6","title":{"rendered":"Datenschutz"},"content":{"rendered":"\n<h2 class=\"wp-block-heading\">Datenschutzerkl\u00e4rung<\/h2>\n\n\n\n<p>Datenschutzbeauftragter der Grund- und Mittelschule Dietramszell:<\/p>\n\n\n\n<p>email: datenschutzbeauftragter.schulamt@lra.toelz.de<\/p>\n\n\n\n<p>Tel.: 08041-78590<\/p>\n\n\n\n<p>Die Betreiber dieser Seite nehmen den Schutz Ihrer pers\u00f6nlichen Daten sehr ernst und handeln entsprechend der gesetzlichen Datenschutzvorschriften sowie dieser Datenschutzerkl\u00e4rung.<\/p>\n\n\n\n<p><strong>Datenverarbeitung online<\/strong><\/p>\n\n\n\n<p>Auch \u00fcber unsere Internetseite unter&nbsp;www.schule-dietramszell.de&nbsp;erfolgt die Verarbeitung bestimmter personenbezogener Daten. Die IP-Adressen der Besucher werden erfasst und in Logfiles gespeichert.<br>Die IP-Adressen werden zur Erkennung und Abwehr von Angriffen von Hackern durch unseren Provider an Orten in Deutschland maximal sieben Tage gespeichert. Danach werden sie gel\u00f6scht.<\/p>\n\n\n\n<p><strong>Cookies<\/strong><\/p>\n\n\n\n<p>Grundlegend verwendet jede Website Session-Cookies. Session-Cookies speichern den Internetaufruf tempor\u00e4r und werden mit dem Schlie\u00dfen des Browsers gel\u00f6scht. Diese Art von Cookies speichert keine Informationen \u00fcber den Benutzer.<\/p>\n\n\n\n<p><strong>Auskunft, L\u00f6schung, Sperrung<\/strong><\/p>\n\n\n\n<p>Sie haben jederzeit das Recht auf Auskunft \u00fcber Ihre gespeicherten personenbezogenen Daten, deren Herkunft und Empf\u00e4nger und den Zweck der Datenverarbeitung sowie ein Recht auf Berichtigung, Sperrung oder L\u00f6schung dieser Daten<\/p>\n","protected":false},"excerpt":{"rendered":"<p>Datenschutzerkl\u00e4rung Datenschutzbeauftragter der Grund- und Mittelschule Dietramszell: email: datenschutzbeauftragter.schulamt@lra.toelz.de Tel.: 08041-78590 Die Betreiber dieser Seite nehmen den Schutz Ihrer pers\u00f6nlichen Daten sehr ernst und handeln entsprechend der gesetzlichen Datenschutzvorschriften sowie dieser Datenschutzerkl\u00e4rung. Datenverarbeitung online Auch \u00fcber unsere Internetseite unter&nbsp;www.schule-dietramszell.de&nbsp;erfolgt die Verarbeitung bestimmter personenbezogener Daten. Die IP-Adressen der Besucher werden erfasst und in Logfiles gespeichert.Die IP-Adressen [&hellip;]<\/p>\n","protected":false},"author":1,"featured_media":0,"parent":0,"menu_order":0,"comment_status":"closed","ping_status":"closed","template":"","meta":[],"_links":{"self":[{"href":"https:\/\/schule-dietramszell.de\/index.php?rest_route=\/wp\/v2\/pages\/6"}],"collection":[{"href":"https:\/\/schule-dietramszell.de\/index.php?rest_route=\/wp\/v2\/pages"}],"about":[{"href":"https:\/\/schule-dietramszell.de\/index.php?rest_route=\/wp\/v2\/types\/page"}],"author":[{"embeddable":true,"href":"https:\/\/schule-dietramszell.de\/index.php?rest_route=\/wp\/v2\/users\/1"}],"replies":[{"embeddable":true,"href":"https:\/\/schule-dietramszell.de\/index.php?rest_route=%2Fwp%2Fv2%2Fcomments&post=6"}],"version-history":[{"count":2,"href":"https:\/\/schule-dietramszell.de\/index.php?rest_route=\/wp\/v2\/pages\/6\/revisions"}],"predecessor-version":[{"id":125,"href":"https:\/\/schule-dietramszell.de\/index.php?rest_route=\/wp\/v2\/pages\/6\/revisions\/125"}],"wp:attachment":[{"href":"https:\/\/schule-dietramszell.de\/index.php?rest_route=%2Fwp%2Fv2%2Fmedia&parent=6"}],"curies":[{"name":"wp","href":"https:\/\/api.w.org\/{rel}","templated":true}]}}