{"id":2148,"date":"2025-06-23T15:49:02","date_gmt":"2025-06-23T13:49:02","guid":{"rendered":"https:\/\/schule-dietramszell.de\/?page_id=2148"},"modified":"2025-06-23T15:49:03","modified_gmt":"2025-06-23T13:49:03","slug":"eu-schulprogramm","status":"publish","type":"page","link":"https:\/\/schule-dietramszell.de\/?page_id=2148","title":{"rendered":"EU-Schulprogramm"},"content":{"rendered":"\n<p style=\"text-align: right;\">23.06.2025<\/p>\n<p style=\"text-align: left;\">Auch in diesem Schuljahr sind wir beim EU-Schulprogramm dabei und unsere Sch\u00fclerinnen und Sch\u00fcler der Grundschule werden einmal pro Woche mit frischem Obst und Gem\u00fcse versorgt.<br \/><a href=\"http:\/\/schule-dietramszell.de\/wp-content\/uploads\/2025\/06\/Schulfruchtprogramm.pdf\">Schulfruchtprogramm<\/a><\/p>\n<p>S. Falkenhahn, Rin<\/p>\n","protected":false},"excerpt":{"rendered":"<p>23.06.2025 Auch in diesem Schuljahr sind wir beim EU-Schulprogramm dabei und unsere Sch\u00fclerinnen und Sch\u00fcler der Grundschule werden einmal pro Woche mit frischem Obst und Gem\u00fcse versorgt.Schulfruchtprogramm S. Falkenhahn, Rin<\/p>\n","protected":false},"author":2,"featured_media":0,"parent":0,"menu_order":0,"comment_status":"closed","ping_status":"closed","template":"","meta":[],"_links":{"self":[{"href":"https:\/\/schule-dietramszell.de\/index.php?rest_route=\/wp\/v2\/pages\/2148"}],"collection":[{"href":"https:\/\/schule-dietramszell.de\/index.php?rest_route=\/wp\/v2\/pages"}],"about":[{"href":"https:\/\/schule-dietramszell.de\/index.php?rest_route=\/wp\/v2\/types\/page"}],"author":[{"embeddable":true,"href":"https:\/\/schule-dietramszell.de\/index.php?rest_route=\/wp\/v2\/users\/2"}],"replies":[{"embeddable":true,"href":"https:\/\/schule-dietramszell.de\/index.php?rest_route=%2Fwp%2Fv2%2Fcomments&post=2148"}],"version-history":[{"count":1,"href":"https:\/\/schule-dietramszell.de\/index.php?rest_route=\/wp\/v2\/pages\/2148\/revisions"}],"predecessor-version":[{"id":2150,"href":"https:\/\/schule-dietramszell.de\/index.php?rest_route=\/wp\/v2\/pages\/2148\/revisions\/2150"}],"wp:attachment":[{"href":"https:\/\/schule-dietramszell.de\/index.php?rest_route=%2Fwp%2Fv2%2Fmedia&parent=2148"}],"curies":[{"name":"wp","href":"https:\/\/api.w.org\/{rel}","templated":true}]}}