{"id":1558,"date":"2023-01-25T10:21:42","date_gmt":"2023-01-25T08:21:42","guid":{"rendered":"http:\/\/schule-dietramszell.de\/?page_id=1558"},"modified":"2026-02-24T12:11:01","modified_gmt":"2026-02-24T10:11:01","slug":"mittagsbetreuung","status":"publish","type":"page","link":"https:\/\/schule-dietramszell.de\/?page_id=1558","title":{"rendered":"Mittagsbetreuung"},"content":{"rendered":"\n<p style=\"text-align: right;\"><span style=\"font-size: 12px; color: #000000;\">24.02.2026<\/span><\/p>\n<p><span style=\"font-size: 24px; color: #0000ff;\"><strong>Information Mittagsbetreuung<\/strong><\/span><\/p>\n<p>Sehr geehrte Eltern der angehenden Grundsch\u00fcler*innen,<br \/><br \/><span style=\"color: #ff0000;\"><strong>ab Montag, den 02.M\u00e4rz 2026 <\/strong><\/span>finden Sie die Unterlagen zur Anmeldung (ausf\u00fcllbares PDF) auf unserer Webseite<br \/>http:\/\/www.kvtoel.brk.de\/angebote\/kinder-jugend-und-familie\/schueler-mittagsbetreuung.html<br \/><a href=\"http:\/\/schule-dietramszell.de\/wp-content\/uploads\/2026\/02\/Anschreiben-Onlineformulare-Dietramszell_2026.pdf\">Anschreiben Onlineformulare Dietramszell_2026<\/a><br \/>Bitte nehmen Sie sich die Zeit, sich die Unterlagen in Ruhe durchzulesen. Das Anmeldeformular (Seite 1 + 2) sowie den Steckbrief schicken Sie bitte ausgef\u00fcllt und unterschrieben <span style=\"color: #ff0000;\"><strong>bis sp\u00e4testens 27. M\u00e4rz 2026 per Post<\/strong><\/span> an den Kreisverband zur\u00fcck.<br \/>Bitte denken Sie daran, sich davon eine Kopie f\u00fcr Ihre Unterlagen zu erstellen.<br \/>Sollten Sie keine M\u00f6glichkeit haben, die Dokumente abzurufen und auszudrucken, rufen Sie uns bitte unter der Telefonnummer 08041 7655-33 an oder melden sich per E-Mail: mittagsbetreuung@kvtoel.brk.de. Wir lassen Ihnen dann alle erforderlichen Unterlagen auf dem Postweg zukommen.<br \/>Wir erheben hiermit den Bedarf f\u00fcrs kommende Schuljahr 2026 \/ 2027. Anfang Mai erhalten Sie eine R\u00fcckmeldung \u00fcber den Status Ihrer Anmeldung.<br \/>Wir stehen Ihnen f\u00fcr weitergehende Fragen derzeit gerne per E-Mail zur Verf\u00fcgung. Wir laden Sie ein, sich bis dahin Ihre Mittagsbetreuung auf unserer Internetseite anzuschauen.<br \/><a href=\"http:\/\/schule-dietramszell.de\/wp-content\/uploads\/2025\/02\/QR_Aushang_DIET-A4.pdf\">QR_Aushang_DIET A4<\/a><br \/><br \/>Mit freundlichen Gr\u00fc\u00dfen\u00a0<\/p>\n<p>Sylvia Bogdain<br \/>Fachbereichsleitung Mittagsbetreuungen<\/p>\n<p>\u00a0<\/p>\n<p>\u00a0<\/p>\n\n\n\n<p style=\"text-align: right;\">25.01.2023<\/p>\n<p>Liebe Eltern,\u00a0<\/p>\n<p>Das BRK Bad T\u00f6lz-Wolfratshausen bietet an der Grund- und Mittelschule Dietramszell die Mittagsbetreuung an.<\/p>\n<p>An allen Schultagen werden die Kinder von engagierten MitarbeiterInnen betreut. Gemeinsam Mittagessen, bei den Hausaufgaben unterst\u00fctzt werden, Spielen, Lesen und Freundschaften pflegen \u2013 so sieht der Nachmittag f\u00fcr die Kinder aus.<\/p>\n<p>Ansprechpartner und n\u00e4here Informationen zu Betreuungszeiten, Konzept und Kosten finden Sie unter<br \/><img decoding=\"async\" loading=\"lazy\" class=\"alignnone  wp-image-1663\" src=\"http:\/\/schule-dietramszell.de\/wp-content\/uploads\/2023\/05\/Mittagsbetreuung-QR.png\" alt=\"\" width=\"126\" height=\"126\" srcset=\"https:\/\/schule-dietramszell.de\/wp-content\/uploads\/2023\/05\/Mittagsbetreuung-QR.png 300w, https:\/\/schule-dietramszell.de\/wp-content\/uploads\/2023\/05\/Mittagsbetreuung-QR-150x150.png 150w\" sizes=\"(max-width: 126px) 100vw, 126px\" \/><br \/>https:\/\/www.brk-toel-wor.de\/angebote\/kinder-jugend-und-familie\/schueler-mittagsbetreuung\/mittagsbetreuung-in-dietramszell.html<\/p>\n<p>S. Falkenhahn, Rin<\/p>\n\n\n","protected":false},"excerpt":{"rendered":"<p>24.02.2026 Information Mittagsbetreuung Sehr geehrte Eltern der angehenden Grundsch\u00fcler*innen, ab Montag, den 02.M\u00e4rz 2026 finden Sie die Unterlagen zur Anmeldung (ausf\u00fcllbares PDF) auf unserer Webseitehttp:\/\/www.kvtoel.brk.de\/angebote\/kinder-jugend-und-familie\/schueler-mittagsbetreuung.htmlAnschreiben Onlineformulare Dietramszell_2026Bitte nehmen Sie sich die Zeit, sich die Unterlagen in Ruhe durchzulesen. Das Anmeldeformular (Seite 1 + 2) sowie den Steckbrief schicken Sie bitte ausgef\u00fcllt und unterschrieben bis sp\u00e4testens [&hellip;]<\/p>\n","protected":false},"author":2,"featured_media":0,"parent":0,"menu_order":0,"comment_status":"closed","ping_status":"closed","template":"","meta":[],"_links":{"self":[{"href":"https:\/\/schule-dietramszell.de\/index.php?rest_route=\/wp\/v2\/pages\/1558"}],"collection":[{"href":"https:\/\/schule-dietramszell.de\/index.php?rest_route=\/wp\/v2\/pages"}],"about":[{"href":"https:\/\/schule-dietramszell.de\/index.php?rest_route=\/wp\/v2\/types\/page"}],"author":[{"embeddable":true,"href":"https:\/\/schule-dietramszell.de\/index.php?rest_route=\/wp\/v2\/users\/2"}],"replies":[{"embeddable":true,"href":"https:\/\/schule-dietramszell.de\/index.php?rest_route=%2Fwp%2Fv2%2Fcomments&post=1558"}],"version-history":[{"count":5,"href":"https:\/\/schule-dietramszell.de\/index.php?rest_route=\/wp\/v2\/pages\/1558\/revisions"}],"predecessor-version":[{"id":2285,"href":"https:\/\/schule-dietramszell.de\/index.php?rest_route=\/wp\/v2\/pages\/1558\/revisions\/2285"}],"wp:attachment":[{"href":"https:\/\/schule-dietramszell.de\/index.php?rest_route=%2Fwp%2Fv2%2Fmedia&parent=1558"}],"curies":[{"name":"wp","href":"https:\/\/api.w.org\/{rel}","templated":true}]}}