{"id":1521,"date":"2022-12-08T15:43:29","date_gmt":"2022-12-08T13:43:29","guid":{"rendered":"http:\/\/schule-dietramszell.de\/?page_id=1521"},"modified":"2022-12-08T15:43:29","modified_gmt":"2022-12-08T13:43:29","slug":"familienkompass","status":"publish","type":"page","link":"https:\/\/schule-dietramszell.de\/?page_id=1521","title":{"rendered":"Familienkompass"},"content":{"rendered":"\n<p>Das Landratsamt Bad T\u00f6lz-Wolfratshausen bietet mit dem &#8222;Familienkompass&#8220; ein gro\u00dfes Angebot f\u00fcr alle Familien. Sie k\u00f6nnen auf folgenden Seiten mehr erfahren:<br> <\/p>\n\n\n\n<figure class=\"wp-block-image size-large\"><img decoding=\"async\" loading=\"lazy\" width=\"623\" height=\"572\" src=\"http:\/\/schule-dietramszell.de\/wp-content\/uploads\/2022\/12\/2022-Familienkompass-QR-Code.png\" alt=\"\" class=\"wp-image-1522\" srcset=\"https:\/\/schule-dietramszell.de\/wp-content\/uploads\/2022\/12\/2022-Familienkompass-QR-Code.png 623w, https:\/\/schule-dietramszell.de\/wp-content\/uploads\/2022\/12\/2022-Familienkompass-QR-Code-300x275.png 300w\" sizes=\"(max-width: 623px) 100vw, 623px\" \/><\/figure>\n\n\n\n<p><a href=\"http:\/\/schule-dietramszell.de\/wp-content\/uploads\/2022\/12\/2022-Flyer-Familienkompass.pdf\">2022 Flyer Familienkompass<\/a><\/p>\n","protected":false},"excerpt":{"rendered":"<p>Das Landratsamt Bad T\u00f6lz-Wolfratshausen bietet mit dem &#8222;Familienkompass&#8220; ein gro\u00dfes Angebot f\u00fcr alle Familien. Sie k\u00f6nnen auf folgenden Seiten mehr erfahren: 2022 Flyer Familienkompass<\/p>\n","protected":false},"author":2,"featured_media":0,"parent":0,"menu_order":0,"comment_status":"closed","ping_status":"closed","template":"","meta":[],"_links":{"self":[{"href":"https:\/\/schule-dietramszell.de\/index.php?rest_route=\/wp\/v2\/pages\/1521"}],"collection":[{"href":"https:\/\/schule-dietramszell.de\/index.php?rest_route=\/wp\/v2\/pages"}],"about":[{"href":"https:\/\/schule-dietramszell.de\/index.php?rest_route=\/wp\/v2\/types\/page"}],"author":[{"embeddable":true,"href":"https:\/\/schule-dietramszell.de\/index.php?rest_route=\/wp\/v2\/users\/2"}],"replies":[{"embeddable":true,"href":"https:\/\/schule-dietramszell.de\/index.php?rest_route=%2Fwp%2Fv2%2Fcomments&post=1521"}],"version-history":[{"count":1,"href":"https:\/\/schule-dietramszell.de\/index.php?rest_route=\/wp\/v2\/pages\/1521\/revisions"}],"predecessor-version":[{"id":1524,"href":"https:\/\/schule-dietramszell.de\/index.php?rest_route=\/wp\/v2\/pages\/1521\/revisions\/1524"}],"wp:attachment":[{"href":"https:\/\/schule-dietramszell.de\/index.php?rest_route=%2Fwp%2Fv2%2Fmedia&parent=1521"}],"curies":[{"name":"wp","href":"https:\/\/api.w.org\/{rel}","templated":true}]}}