{"id":1358,"date":"2022-01-26T16:37:09","date_gmt":"2022-01-26T14:37:09","guid":{"rendered":"http:\/\/schule-dietramszell.de\/?page_id=1358"},"modified":"2022-01-26T16:37:09","modified_gmt":"2022-01-26T14:37:09","slug":"sozialarbeit","status":"publish","type":"page","link":"https:\/\/schule-dietramszell.de\/?page_id=1358","title":{"rendered":"Sozialarbeit"},"content":{"rendered":"\n<p>Frau Dunja Leopold unterst\u00fctzt im Rahmen der Schulsozialarbeit die Kolleginnen der Grundschule, Frau Astrid Tabellion ist im T\u00e4tigkeitsfeld der Jugendsozialarbeit an Schulen in der Mittelschule t\u00e4tig.<\/p>\n","protected":false},"excerpt":{"rendered":"<p>Frau Dunja Leopold unterst\u00fctzt im Rahmen der Schulsozialarbeit die Kolleginnen der Grundschule, Frau Astrid Tabellion ist im T\u00e4tigkeitsfeld der Jugendsozialarbeit an Schulen in der Mittelschule t\u00e4tig.<\/p>\n","protected":false},"author":2,"featured_media":0,"parent":0,"menu_order":0,"comment_status":"closed","ping_status":"closed","template":"","meta":[],"_links":{"self":[{"href":"https:\/\/schule-dietramszell.de\/index.php?rest_route=\/wp\/v2\/pages\/1358"}],"collection":[{"href":"https:\/\/schule-dietramszell.de\/index.php?rest_route=\/wp\/v2\/pages"}],"about":[{"href":"https:\/\/schule-dietramszell.de\/index.php?rest_route=\/wp\/v2\/types\/page"}],"author":[{"embeddable":true,"href":"https:\/\/schule-dietramszell.de\/index.php?rest_route=\/wp\/v2\/users\/2"}],"replies":[{"embeddable":true,"href":"https:\/\/schule-dietramszell.de\/index.php?rest_route=%2Fwp%2Fv2%2Fcomments&post=1358"}],"version-history":[{"count":1,"href":"https:\/\/schule-dietramszell.de\/index.php?rest_route=\/wp\/v2\/pages\/1358\/revisions"}],"predecessor-version":[{"id":1359,"href":"https:\/\/schule-dietramszell.de\/index.php?rest_route=\/wp\/v2\/pages\/1358\/revisions\/1359"}],"wp:attachment":[{"href":"https:\/\/schule-dietramszell.de\/index.php?rest_route=%2Fwp%2Fv2%2Fmedia&parent=1358"}],"curies":[{"name":"wp","href":"https:\/\/api.w.org\/{rel}","templated":true}]}}