{"id":1345,"date":"2022-01-21T15:30:56","date_gmt":"2022-01-21T13:30:56","guid":{"rendered":"http:\/\/schule-dietramszell.de\/?page_id=1345"},"modified":"2025-10-22T13:48:48","modified_gmt":"2025-10-22T11:48:48","slug":"schulsozialarbeit","status":"publish","type":"page","link":"https:\/\/schule-dietramszell.de\/?page_id=1345","title":{"rendered":"Schulsozialarbeit"},"content":{"rendered":"\n<p class=\"has-text-align-right\">19.01.20222<\/p>\n\n\n\n<p><br \/>Liebe Sch\u00fclerin, lieber Sch\u00fcler, liebe Eltern!<\/p>\n<p>An zwei bis drei Tagen pro Woche unterst\u00fctze ich die Lehrkr\u00e4fte der Grundschule und die Nachmittagsbetreuung bei ihren Aufgaben. Erg\u00e4nzend arbeite ich sozialp\u00e4dagogisch, pr\u00e4ventiv oder nach Bedarf, mit den Klassen der Grundschule und auch mit Klein-Gruppen.<br \/>Inhalte sind z.B. eine gute Kommunikation zu f\u00f6rdern, Selbstwirksamkeit und Verantwortung in der Gruppe zu erfahren, Resilienz und Impulskontrolle aufzubauen und Konfliktl\u00f6sungsm\u00f6glichkeiten in die Hand zu geben. Ziel meiner Arbeit ist, positiv auf die Gemeinschaft und das Klassenklima einzuwirken.<br \/>Wenn Sie oder Ihr Kind Fragen haben oder auch Hilfe ben\u00f6tigen, wenden Sie sich bitte gerne an mich.<br \/>Erreichen k\u00f6nnen Sie mich telefonisch \u00fcber das Sekretariat oder unter der Email: schuso@grundschule-egling.de<br \/><br \/>Herzliche Gr\u00fc\u00dfe,<br \/>Dunja Leopold<br \/><br \/><\/p>\n","protected":false},"excerpt":{"rendered":"<p>19.01.20222 Liebe Sch\u00fclerin, lieber Sch\u00fcler, liebe Eltern! An zwei bis drei Tagen pro Woche unterst\u00fctze ich die Lehrkr\u00e4fte der Grundschule und die Nachmittagsbetreuung bei ihren Aufgaben. Erg\u00e4nzend arbeite ich sozialp\u00e4dagogisch, pr\u00e4ventiv oder nach Bedarf, mit den Klassen der Grundschule und auch mit Klein-Gruppen.Inhalte sind z.B. eine gute Kommunikation zu f\u00f6rdern, Selbstwirksamkeit und Verantwortung in der [&hellip;]<\/p>\n","protected":false},"author":2,"featured_media":0,"parent":0,"menu_order":0,"comment_status":"closed","ping_status":"closed","template":"","meta":[],"_links":{"self":[{"href":"https:\/\/schule-dietramszell.de\/index.php?rest_route=\/wp\/v2\/pages\/1345"}],"collection":[{"href":"https:\/\/schule-dietramszell.de\/index.php?rest_route=\/wp\/v2\/pages"}],"about":[{"href":"https:\/\/schule-dietramszell.de\/index.php?rest_route=\/wp\/v2\/types\/page"}],"author":[{"embeddable":true,"href":"https:\/\/schule-dietramszell.de\/index.php?rest_route=\/wp\/v2\/users\/2"}],"replies":[{"embeddable":true,"href":"https:\/\/schule-dietramszell.de\/index.php?rest_route=%2Fwp%2Fv2%2Fcomments&post=1345"}],"version-history":[{"count":2,"href":"https:\/\/schule-dietramszell.de\/index.php?rest_route=\/wp\/v2\/pages\/1345\/revisions"}],"predecessor-version":[{"id":2220,"href":"https:\/\/schule-dietramszell.de\/index.php?rest_route=\/wp\/v2\/pages\/1345\/revisions\/2220"}],"wp:attachment":[{"href":"https:\/\/schule-dietramszell.de\/index.php?rest_route=%2Fwp%2Fv2%2Fmedia&parent=1345"}],"curies":[{"name":"wp","href":"https:\/\/api.w.org\/{rel}","templated":true}]}}