{"id":92,"date":"2019-08-22T16:18:19","date_gmt":"2019-08-22T14:18:19","guid":{"rendered":"http:\/\/schule-dietramszell.de\/?page_id=92"},"modified":"2025-09-29T15:58:42","modified_gmt":"2025-09-29T13:58:42","slug":"kollegium","status":"publish","type":"page","link":"http:\/\/schule-dietramszell.de\/?page_id=92","title":{"rendered":"Kollegium"},"content":{"rendered":"\n<table style=\"border-collapse: collapse; width: 100%; height: 727px;\">\n<tbody>\n<tr style=\"height: 21px;\">\n<td style=\"width: 50%; height: 21px;\"><span style=\"font-size: 16px; color: #800080; font-family: arial, helvetica, sans-serif;\"><strong>Schuljahr 2025\/26<\/strong><\/span><\/td>\n<td style=\"width: 50%; height: 21px;\">\u00a0<\/td>\n<\/tr>\n<tr style=\"height: 21px;\">\n<td style=\"width: 50%; height: 21px;\">\u00a0<\/td>\n<td style=\"width: 50%; height: 21px;\">\u00a0<\/td>\n<\/tr>\n<tr style=\"height: 18px;\">\n<td style=\"width: 50%; height: 18px;\"><span style=\"font-family: arial, helvetica, sans-serif;\">Adelsberger Sabine<\/span><\/td>\n<td style=\"width: 50%; height: 18px;\">\u00a0<\/td>\n<\/tr>\n<tr style=\"height: 21px;\">\n<td style=\"width: 50%; height: 21px;\"><span style=\"font-family: arial, helvetica, sans-serif;\">Andert, Astrid<br \/><\/span><\/td>\n<td style=\"width: 50%; height: 21px;\">\u00a0<\/td>\n<\/tr>\n<tr style=\"height: 21px;\">\n<td style=\"width: 50%; height: 21px;\"><span style=\"font-family: arial, helvetica, sans-serif;\">Beckmann, Christina<\/span><\/td>\n<td style=\"width: 50%; height: 21px;\">\u00a0<\/td>\n<\/tr>\n<tr style=\"height: 21px;\">\n<td style=\"width: 50%; height: 21px;\"><span style=\"font-family: arial, helvetica, sans-serif;\">Constien Rene<\/span><\/td>\n<td style=\"width: 50%; height: 21px;\">\u00a0<\/td>\n<\/tr>\n<tr style=\"height: 21px;\">\n<td style=\"width: 50%; height: 21px;\"><span style=\"font-family: arial, helvetica, sans-serif;\">D\u00f6tter, Rosemarie<\/span><\/td>\n<td style=\"width: 50%; height: 21px;\">\u00a0<\/td>\n<\/tr>\n<tr style=\"height: 22px;\">\n<td style=\"width: 50%; height: 22px;\"><span style=\"font-family: arial, helvetica, sans-serif;\">Feller Angela<\/span><\/td>\n<td style=\"width: 50%; height: 22px;\">\u00a0<\/td>\n<\/tr>\n<tr style=\"height: 21px;\">\n<td style=\"width: 50%; height: 21px;\"><span style=\"font-family: arial, helvetica, sans-serif;\">Franke Nikola<\/span><\/td>\n<td style=\"width: 50%; height: 21px;\">\u00a0<\/td>\n<\/tr>\n<tr style=\"height: 18px;\">\n<td style=\"width: 50%; height: 18px;\"><span style=\"font-family: arial, helvetica, sans-serif;\">Gehr Christine<\/span><\/td>\n<td style=\"width: 50%; height: 18px;\">\u00a0<\/td>\n<\/tr>\n<tr style=\"height: 21px;\">\n<td style=\"width: 50%; height: 21px;\"><span style=\"font-family: arial, helvetica, sans-serif;\">Gla\u00df, Claudia<\/span><\/td>\n<td style=\"width: 50%; height: 21px;\">\u00a0<\/td>\n<\/tr>\n<tr style=\"height: 21px;\">\n<td style=\"width: 50%; height: 21px;\"><span style=\"font-family: arial, helvetica, sans-serif;\">Greiter, Alexandra<\/span><\/td>\n<td style=\"width: 50%; height: 21px;\">\u00a0<\/td>\n<\/tr>\n<tr style=\"height: 21px;\">\n<td style=\"width: 50%; height: 21px;\"><span style=\"font-family: arial, helvetica, sans-serif;\">Hagel, Christian<\/span><\/td>\n<td style=\"width: 50%; height: 21px;\">\u00a0<\/td>\n<\/tr>\n<tr style=\"height: 21px;\">\n<td style=\"width: 50%; height: 21px;\"><span style=\"font-family: arial, helvetica, sans-serif;\">Hahn, Monika<\/span><\/td>\n<td style=\"width: 50%; height: 21px;\">\u00a0<\/td>\n<\/tr>\n<tr style=\"height: 21px;\">\n<td style=\"width: 50%; height: 21px;\"><span style=\"font-family: arial, helvetica, sans-serif;\">Hullik Christine<\/span><\/td>\n<td style=\"width: 50%; height: 21px;\">\u00a0<\/td>\n<\/tr>\n<tr style=\"height: 21px;\">\n<td style=\"width: 50%; height: 21px;\"><span style=\"font-family: arial, helvetica, sans-serif;\">Kinzl, Richard<\/span><\/td>\n<td style=\"width: 50%; height: 21px;\">\u00a0<\/td>\n<\/tr>\n<tr style=\"height: 18px;\">\n<td style=\"width: 50%; height: 18px;\"><span style=\"font-family: arial, helvetica, sans-serif;\">Kn\u00f6rnschild Celine<\/span><\/td>\n<td style=\"width: 50%; height: 18px;\">\u00a0<\/td>\n<\/tr>\n<tr style=\"height: 18px;\">\n<td style=\"width: 50%; height: 18px;\"><span style=\"font-family: arial, helvetica, sans-serif;\">Leininger Christine<\/span><\/td>\n<td style=\"width: 50%; height: 18px;\">\u00a0<\/td>\n<\/tr>\n<tr style=\"height: 18px;\">\n<td style=\"width: 50%; height: 18px;\"><span style=\"font-family: arial, helvetica, sans-serif;\">Linzmeier Sara<\/span><\/td>\n<td style=\"width: 50%; height: 18px;\">\u00a0<\/td>\n<\/tr>\n<tr style=\"height: 18px;\">\n<td style=\"width: 50%; height: 18px;\"><span style=\"font-family: arial, helvetica, sans-serif;\">Muth Katharina<\/span><\/td>\n<td style=\"width: 50%; height: 18px;\">\u00a0<\/td>\n<\/tr>\n<tr style=\"height: 18px;\">\n<td style=\"width: 50%; height: 18px;\"><span style=\"font-family: arial, helvetica, sans-serif;\">Odemann Carolina<\/span><\/td>\n<td style=\"width: 50%; height: 18px;\">\u00a0<\/td>\n<\/tr>\n<tr style=\"height: 21px;\">\n<td style=\"width: 50%; height: 21px;\"><span style=\"font-family: arial, helvetica, sans-serif;\">Orthuber, Heribert<\/span><\/td>\n<td style=\"width: 50%; height: 21px;\">\u00a0<\/td>\n<\/tr>\n<tr style=\"height: 18px;\">\n<td style=\"width: 50%; height: 18px;\"><span style=\"font-family: arial, helvetica, sans-serif;\">Otto Andrea<\/span><\/td>\n<td style=\"width: 50%; height: 18px;\">\u00a0<\/td>\n<\/tr>\n<tr style=\"height: 21px;\">\n<td style=\"width: 50%; height: 21px;\"><span style=\"font-family: arial, helvetica, sans-serif;\">Rappold Verena<\/span><\/td>\n<td style=\"width: 50%; height: 21px;\">\u00a0<\/td>\n<\/tr>\n<tr style=\"height: 18px;\">\n<td style=\"width: 50%; height: 18px;\"><span style=\"font-family: arial, helvetica, sans-serif;\">Sch\u00f6fmann Elisa<\/span><\/td>\n<td style=\"width: 50%; height: 18px;\">\u00a0<\/td>\n<\/tr>\n<tr style=\"height: 18px;\">\n<td style=\"width: 50%; height: 18px;\"><span style=\"font-family: arial, helvetica, sans-serif;\">Schunke Janina<\/span><\/td>\n<td style=\"width: 50%; height: 18px;\">\u00a0<\/td>\n<\/tr>\n<tr style=\"height: 21px;\">\n<td style=\"width: 50%; height: 21px;\"><span style=\"font-family: arial, helvetica, sans-serif;\">Simon Karin<\/span><\/td>\n<td style=\"width: 50%; height: 21px;\">\u00a0<\/td>\n<\/tr>\n<tr style=\"height: 21px;\">\n<td style=\"width: 50%; height: 21px;\"><span style=\"font-family: arial, helvetica, sans-serif;\">Smyrek Julia<\/span><\/td>\n<td style=\"width: 50%; height: 21px;\">\u00a0<\/td>\n<\/tr>\n<tr style=\"height: 21px;\">\n<td style=\"width: 50%; height: 21px;\"><span style=\"font-family: arial, helvetica, sans-serif;\">Spiegl, Thomas<\/span><\/td>\n<td style=\"width: 50%; height: 21px;\">\u00a0<\/td>\n<\/tr>\n<tr style=\"height: 18px;\">\n<td style=\"width: 50%; height: 18px;\">\u00a0<\/td>\n<td style=\"width: 50%; height: 18px;\">\u00a0<\/td>\n<\/tr>\n<tr style=\"height: 18px;\">\n<td style=\"width: 50%; height: 18px;\"><span style=\"font-family: arial, helvetica, sans-serif;\">Mobile Reserve:<\/span><\/td>\n<td style=\"width: 50%; height: 18px;\">\u00a0<\/td>\n<\/tr>\n<tr style=\"height: 18px;\">\n<td style=\"width: 50%; height: 18px;\"><span style=\"font-family: arial, helvetica, sans-serif;\">Degele Jakob<\/span><\/td>\n<td style=\"width: 50%; height: 18px;\">\u00a0<\/td>\n<\/tr>\n<tr style=\"height: 18px;\">\n<td style=\"width: 50%; height: 18px;\"><span style=\"font-family: arial, helvetica, sans-serif;\">Duschl Elisabeth<\/span><\/td>\n<td style=\"width: 50%; height: 18px;\">\u00a0<\/td>\n<\/tr>\n<tr style=\"height: 18px;\">\n<td style=\"width: 50%; height: 18px;\"><span style=\"font-family: arial, helvetica, sans-serif;\">Hitzer Hannah<\/span><\/td>\n<td style=\"width: 50%; height: 18px;\">\u00a0<\/td>\n<\/tr>\n<tr style=\"height: 18px;\">\n<td style=\"width: 50%; height: 18px;\"><span style=\"font-family: arial, helvetica, sans-serif;\">Krinner-Greither Brigitte<\/span><\/td>\n<td style=\"width: 50%; height: 18px;\">\u00a0<\/td>\n<\/tr>\n<tr style=\"height: 21px;\">\n<td style=\"width: 50%; height: 21px;\"><span style=\"font-family: arial, helvetica, sans-serif;\">Steinhaus, Kristin<\/span><\/td>\n<td style=\"width: 50%; height: 21px;\">\u00a0<\/td>\n<\/tr>\n<tr style=\"height: 18px;\">\n<td style=\"width: 50%; height: 18px;\">\u00a0<\/td>\n<td style=\"width: 50%; height: 18px;\">\u00a0<\/td>\n<\/tr>\n<\/tbody>\n<\/table>\n<p>Aus Datenschutzgr\u00fcnden d\u00fcrfen die Sprechzeiten der Lehrkr\u00e4fte nicht mehr auf der Homepage ver\u00f6ffentlicht werden.\u00a0<\/p>\n<p>Sie k\u00f6nnen die Sprechzeiten der Lehrkr\u00e4fte \u00fcber Ihr Kind erfragen oder telefonisch \u00fcber unser Sekretariat.<br \/>Vielen Dank f\u00fcr Ihr Verst\u00e4ndnis.<\/p>\n","protected":false},"excerpt":{"rendered":"<p>Schuljahr 2025\/26 \u00a0 \u00a0 \u00a0 Adelsberger Sabine \u00a0 Andert, Astrid \u00a0 Beckmann, Christina \u00a0 Constien Rene \u00a0 D\u00f6tter, Rosemarie \u00a0 Feller Angela \u00a0 Franke Nikola \u00a0 Gehr Christine \u00a0 Gla\u00df, Claudia \u00a0 Greiter, Alexandra \u00a0 Hagel, Christian \u00a0 Hahn, Monika \u00a0 Hullik Christine \u00a0 Kinzl, Richard \u00a0 Kn\u00f6rnschild Celine \u00a0 Leininger Christine \u00a0 Linzmeier Sara [&hellip;]<\/p>\n","protected":false},"author":1,"featured_media":0,"parent":0,"menu_order":0,"comment_status":"closed","ping_status":"closed","template":"","meta":[],"_links":{"self":[{"href":"http:\/\/schule-dietramszell.de\/index.php?rest_route=\/wp\/v2\/pages\/92"}],"collection":[{"href":"http:\/\/schule-dietramszell.de\/index.php?rest_route=\/wp\/v2\/pages"}],"about":[{"href":"http:\/\/schule-dietramszell.de\/index.php?rest_route=\/wp\/v2\/types\/page"}],"author":[{"embeddable":true,"href":"http:\/\/schule-dietramszell.de\/index.php?rest_route=\/wp\/v2\/users\/1"}],"replies":[{"embeddable":true,"href":"http:\/\/schule-dietramszell.de\/index.php?rest_route=%2Fwp%2Fv2%2Fcomments&post=92"}],"version-history":[{"count":17,"href":"http:\/\/schule-dietramszell.de\/index.php?rest_route=\/wp\/v2\/pages\/92\/revisions"}],"predecessor-version":[{"id":2200,"href":"http:\/\/schule-dietramszell.de\/index.php?rest_route=\/wp\/v2\/pages\/92\/revisions\/2200"}],"wp:attachment":[{"href":"http:\/\/schule-dietramszell.de\/index.php?rest_route=%2Fwp%2Fv2%2Fmedia&parent=92"}],"curies":[{"name":"wp","href":"https:\/\/api.w.org\/{rel}","templated":true}]}}