{"id":86,"date":"2019-08-22T16:17:33","date_gmt":"2019-08-22T14:17:33","guid":{"rendered":"http:\/\/schule-dietramszell.de\/?page_id=86"},"modified":"2025-08-04T11:39:03","modified_gmt":"2025-08-04T09:39:03","slug":"formulare","status":"publish","type":"page","link":"http:\/\/schule-dietramszell.de\/?page_id=86","title":{"rendered":"Formulare"},"content":{"rendered":"\n<p><a href=\"http:\/\/schule-dietramszell.de\/wp-content\/uploads\/2025\/08\/Anmeldung-Quali-extern.pdf\">Anmeldung Quali extern<\/a><br \/>F\u00fcr die Anmeldung als externer Pr\u00fcfling ben\u00f6tigen wir des Weiteren folgende Erkl\u00e4rung:<br \/><a href=\"http:\/\/schule-dietramszell.de\/wp-content\/uploads\/2025\/01\/Erklaerung-gemaess-\u00a728-MSO.pdf\">Erkl\u00e4rung gem\u00e4\u00df \u00a728 MSO<\/a> <br \/>Die gesetzliche Grundlage kann hier eingesehen werden:<br \/><a href=\"http:\/\/schule-dietramszell.de\/wp-content\/uploads\/2025\/01\/BayMSO-28.pdf\">BayMSO-28<\/a><\/p>\n<p><a href=\"http:\/\/schule-dietramszell.de\/wp-content\/uploads\/2019\/09\/Antrag-auf-Befreiung-vom-Unterricht-2.pdf\">Antrag auf Befreiung vom Unterricht<\/a><\/p>\n<p><a href=\"http:\/\/schule-dietramszell.de\/wp-content\/uploads\/2019\/09\/Abmeldung.pdf\">Abmeldung<\/a><\/p>\n<p><a href=\"http:\/\/schule-dietramszell.de\/wp-content\/uploads\/2019\/09\/Einwilligung-Weitergabe-Sch\u00fclerunterlagen.pdf\">Einwilligung Weitergabe Sch\u00fclerunterlagen<\/a><\/p>\n<p><a href=\"http:\/\/schule-dietramszell.de\/wp-content\/uploads\/2019\/11\/Kopflaeuse_Information.pdf\">Kopflaeuse_Information<\/a><\/p>\n\n\n\n<p><\/p>\n","protected":false},"excerpt":{"rendered":"<p>Anmeldung Quali externF\u00fcr die Anmeldung als externer Pr\u00fcfling ben\u00f6tigen wir des Weiteren folgende Erkl\u00e4rung:Erkl\u00e4rung gem\u00e4\u00df \u00a728 MSO Die gesetzliche Grundlage kann hier eingesehen werden:BayMSO-28 Antrag auf Befreiung vom Unterricht Abmeldung Einwilligung Weitergabe Sch\u00fclerunterlagen Kopflaeuse_Information<\/p>\n","protected":false},"author":1,"featured_media":0,"parent":0,"menu_order":0,"comment_status":"closed","ping_status":"closed","template":"","meta":[],"_links":{"self":[{"href":"http:\/\/schule-dietramszell.de\/index.php?rest_route=\/wp\/v2\/pages\/86"}],"collection":[{"href":"http:\/\/schule-dietramszell.de\/index.php?rest_route=\/wp\/v2\/pages"}],"about":[{"href":"http:\/\/schule-dietramszell.de\/index.php?rest_route=\/wp\/v2\/types\/page"}],"author":[{"embeddable":true,"href":"http:\/\/schule-dietramszell.de\/index.php?rest_route=\/wp\/v2\/users\/1"}],"replies":[{"embeddable":true,"href":"http:\/\/schule-dietramszell.de\/index.php?rest_route=%2Fwp%2Fv2%2Fcomments&post=86"}],"version-history":[{"count":23,"href":"http:\/\/schule-dietramszell.de\/index.php?rest_route=\/wp\/v2\/pages\/86\/revisions"}],"predecessor-version":[{"id":2182,"href":"http:\/\/schule-dietramszell.de\/index.php?rest_route=\/wp\/v2\/pages\/86\/revisions\/2182"}],"wp:attachment":[{"href":"http:\/\/schule-dietramszell.de\/index.php?rest_route=%2Fwp%2Fv2%2Fmedia&parent=86"}],"curies":[{"name":"wp","href":"https:\/\/api.w.org\/{rel}","templated":true}]}}