{"id":497,"date":"2019-12-05T10:32:44","date_gmt":"2019-12-05T08:32:44","guid":{"rendered":"http:\/\/schule-dietramszell.de\/?page_id=497"},"modified":"2022-03-09T16:35:28","modified_gmt":"2022-03-09T14:35:28","slug":"buecherei","status":"publish","type":"page","link":"http:\/\/schule-dietramszell.de\/?page_id=497","title":{"rendered":"B\u00fccherei"},"content":{"rendered":"\n<p><span style=\"font-size: 24px; color: #800080;\"><strong>Schulb\u00fccherei<\/strong><\/span><\/p>\n<p>Die Schulb\u00fccherei ist jeden Dienstag und Donnerstag von 8:15 bis 11:30 Uhr f\u00fcr unsere Sch\u00fcler ge\u00f6ffnet.<\/p>\n<p>Frau Christoph, Frau Schneeberger und Frau Wolff beraten Klein und Gro\u00df und helfen ihnen, die richtige Lekt\u00fcre zu finden.<\/p>\n<p><img decoding=\"async\" loading=\"lazy\" class=\"alignnone  wp-image-488\" src=\"http:\/\/schule-dietramszell.de\/wp-content\/uploads\/2019\/12\/DSC03388-300x225.jpg\" alt=\"\" width=\"320\" height=\"240\" srcset=\"http:\/\/schule-dietramszell.de\/wp-content\/uploads\/2019\/12\/DSC03388-300x225.jpg 300w, http:\/\/schule-dietramszell.de\/wp-content\/uploads\/2019\/12\/DSC03388-768x576.jpg 768w, http:\/\/schule-dietramszell.de\/wp-content\/uploads\/2019\/12\/DSC03388-1024x768.jpg 1024w\" sizes=\"(max-width: 320px) 100vw, 320px\" \/>\u00a0 <img decoding=\"async\" loading=\"lazy\" class=\"alignnone wp-image-501 \" src=\"http:\/\/schule-dietramszell.de\/wp-content\/uploads\/2019\/12\/Tina-Laderfeuer-e1575534919304-300x247.jpg\" alt=\"\" width=\"291\" height=\"240\" srcset=\"http:\/\/schule-dietramszell.de\/wp-content\/uploads\/2019\/12\/Tina-Laderfeuer-e1575534919304-300x247.jpg 300w, http:\/\/schule-dietramszell.de\/wp-content\/uploads\/2019\/12\/Tina-Laderfeuer-e1575534919304-768x633.jpg 768w, http:\/\/schule-dietramszell.de\/wp-content\/uploads\/2019\/12\/Tina-Laderfeuer-e1575534919304-1024x844.jpg 1024w, http:\/\/schule-dietramszell.de\/wp-content\/uploads\/2019\/12\/Tina-Laderfeuer-e1575534919304.jpg 1653w\" sizes=\"(max-width: 291px) 100vw, 291px\" \/><\/p>\n<p>Wer es nicht schafft, sein Buch rechtzeitig w\u00e4hrend der \u00d6ffnungszeiten zur\u00fcckzugeben, kann dies in die B\u00fccherbox vor der B\u00fccherei werfen.<\/p>\n<p>Weitere \u00d6ffnungszeiten:<br \/>Mittwoch \u00a0\u00a0\u00a0\u00a0\u00a0\u00a0\u00a0\u00a0\u00a0\u00a0\u00a0\u00a0\u00a0\u00a0\u00a0\u00a0\u00a0\u00a0\u00a0\u00a0\u00a0\u00a0\u00a0\u00a0\u00a0\u00a0\u00a0\u00a0\u00a0\u00a0 15:00 &#8211; 20:00 Uhr<br \/>Donnerstag\u00a0\u00a0\u00a0\u00a0\u00a0\u00a0\u00a0\u00a0\u00a0\u00a0\u00a0\u00a0\u00a0\u00a0\u00a0\u00a0\u00a0\u00a0\u00a0\u00a0\u00a0\u00a0\u00a0\u00a0\u00a0\u00a0 15:00 &#8211; 18:00 Uhr<br \/>jeden 1. Sonntag im Monat\u00a0\u00a0\u00a0 09:30 &#8211; 11:30 Uhr<br \/><span style=\"color: #ff0000;\"><strong>Telefon: 08027 3141-6115<\/strong><\/span><\/p>\n","protected":false},"excerpt":{"rendered":"<p>Schulb\u00fccherei Die Schulb\u00fccherei ist jeden Dienstag und Donnerstag von 8:15 bis 11:30 Uhr f\u00fcr unsere Sch\u00fcler ge\u00f6ffnet. Frau Christoph, Frau Schneeberger und Frau Wolff beraten Klein und Gro\u00df und helfen ihnen, die richtige Lekt\u00fcre zu finden. \u00a0 Wer es nicht schafft, sein Buch rechtzeitig w\u00e4hrend der \u00d6ffnungszeiten zur\u00fcckzugeben, kann dies in die B\u00fccherbox vor der [&hellip;]<\/p>\n","protected":false},"author":2,"featured_media":0,"parent":0,"menu_order":0,"comment_status":"closed","ping_status":"closed","template":"","meta":[],"_links":{"self":[{"href":"http:\/\/schule-dietramszell.de\/index.php?rest_route=\/wp\/v2\/pages\/497"}],"collection":[{"href":"http:\/\/schule-dietramszell.de\/index.php?rest_route=\/wp\/v2\/pages"}],"about":[{"href":"http:\/\/schule-dietramszell.de\/index.php?rest_route=\/wp\/v2\/types\/page"}],"author":[{"embeddable":true,"href":"http:\/\/schule-dietramszell.de\/index.php?rest_route=\/wp\/v2\/users\/2"}],"replies":[{"embeddable":true,"href":"http:\/\/schule-dietramszell.de\/index.php?rest_route=%2Fwp%2Fv2%2Fcomments&post=497"}],"version-history":[{"count":6,"href":"http:\/\/schule-dietramszell.de\/index.php?rest_route=\/wp\/v2\/pages\/497\/revisions"}],"predecessor-version":[{"id":1402,"href":"http:\/\/schule-dietramszell.de\/index.php?rest_route=\/wp\/v2\/pages\/497\/revisions\/1402"}],"wp:attachment":[{"href":"http:\/\/schule-dietramszell.de\/index.php?rest_route=%2Fwp%2Fv2%2Fmedia&parent=497"}],"curies":[{"name":"wp","href":"https:\/\/api.w.org\/{rel}","templated":true}]}}